{"id":91,"date":"2022-07-21T12:43:36","date_gmt":"2022-07-21T10:43:36","guid":{"rendered":"https:\/\/ecoledutaiji.eu\/?page_id=91"},"modified":"2025-09-08T14:20:09","modified_gmt":"2025-09-08T12:20:09","slug":"horaires-des-cours","status":"publish","type":"page","link":"https:\/\/ecoledutaiji.eu\/index.php\/horaires-des-cours\/","title":{"rendered":"Horaire des cours"},"content":{"rendered":"\n<p><strong>COURS COLLECTIFS<\/strong><\/p>\n\n\n\n<figure class=\"wp-block-image size-large\"><img loading=\"lazy\" decoding=\"async\" width=\"1024\" height=\"710\" src=\"https:\/\/ecoledutaiji.eu\/wp-content\/uploads\/2025\/09\/flyer-verso.jpeg-1024x710.jpeg\" alt=\"\" class=\"wp-image-1140\" srcset=\"https:\/\/ecoledutaiji.eu\/wp-content\/uploads\/2025\/09\/flyer-verso.jpeg-1024x710.jpeg 1024w, https:\/\/ecoledutaiji.eu\/wp-content\/uploads\/2025\/09\/flyer-verso.jpeg-300x208.jpeg 300w, https:\/\/ecoledutaiji.eu\/wp-content\/uploads\/2025\/09\/flyer-verso.jpeg-768x533.jpeg 768w, https:\/\/ecoledutaiji.eu\/wp-content\/uploads\/2025\/09\/flyer-verso.jpeg-1536x1065.jpeg 1536w, https:\/\/ecoledutaiji.eu\/wp-content\/uploads\/2025\/09\/flyer-verso.jpeg-505x350.jpeg 505w, https:\/\/ecoledutaiji.eu\/wp-content\/uploads\/2025\/09\/flyer-verso.jpeg.jpeg 1788w\" sizes=\"auto, (max-width: 1024px) 100vw, 1024px\" \/><\/figure>\n\n\n\n<p><span style=\"background-color: #e5e0ec;\"> les cours surlign\u00e9s en rose sont tous accessibles aux d\u00e9butants.<\/span><\/p>\n\n\n\n<p>Pratique gratuite au Parc Pasteur en juillet-ao\u00fbt les lundi de 19h \u00e0 21h.<\/p>\n\n\n\n<div style=\"height:21px\" aria-hidden=\"true\" class=\"wp-block-spacer\"><\/div>\n\n\n\n<hr class=\"wp-block-separator has-alpha-channel-opacity\"\/>\n\n\n\n<div style=\"height:20px\" aria-hidden=\"true\" class=\"wp-block-spacer\"><\/div>\n\n\n\n<p><strong>COURS INDIVIDUELS <\/strong><\/p>\n\n\n\n<p>Sur rendez-vous au 06 87 17 40 46<\/p>\n\n\n\n<p>110 rue d\u2019Illier ou en ligne<\/p>\n\n\n\n<p>Accompagnement et rem\u00e9diation anti-stress, insomnie etc\u2026par la relaxation profonde, le qi gong, sophrologie et P.N.L.<\/p>\n\n\n\n<p>Apprentissage perfectionnement Qi gong, Tai ji quan<\/p>\n\n\n\n<p>Accompagnement m\u00e9ditation.<\/p>\n","protected":false},"excerpt":{"rendered":"<p>COURS COLLECTIFS les cours surlign\u00e9s en rose sont tous accessibles aux d\u00e9butants. Pratique gratuite au Parc Pasteur en juillet-ao\u00fbt les lundi de 19h \u00e0 21h. COURS INDIVIDUELS Sur rendez-vous au 06 87 17 40 46 &hellip;<\/p>\n","protected":false},"author":1,"featured_media":0,"parent":0,"menu_order":0,"comment_status":"closed","ping_status":"closed","template":"","meta":{"footnotes":""},"class_list":["post-91","page","type-page","status-publish","hentry"],"_links":{"self":[{"href":"https:\/\/ecoledutaiji.eu\/index.php\/wp-json\/wp\/v2\/pages\/91","targetHints":{"allow":["GET"]}}],"collection":[{"href":"https:\/\/ecoledutaiji.eu\/index.php\/wp-json\/wp\/v2\/pages"}],"about":[{"href":"https:\/\/ecoledutaiji.eu\/index.php\/wp-json\/wp\/v2\/types\/page"}],"author":[{"embeddable":true,"href":"https:\/\/ecoledutaiji.eu\/index.php\/wp-json\/wp\/v2\/users\/1"}],"replies":[{"embeddable":true,"href":"https:\/\/ecoledutaiji.eu\/index.php\/wp-json\/wp\/v2\/comments?post=91"}],"version-history":[{"count":12,"href":"https:\/\/ecoledutaiji.eu\/index.php\/wp-json\/wp\/v2\/pages\/91\/revisions"}],"predecessor-version":[{"id":1142,"href":"https:\/\/ecoledutaiji.eu\/index.php\/wp-json\/wp\/v2\/pages\/91\/revisions\/1142"}],"wp:attachment":[{"href":"https:\/\/ecoledutaiji.eu\/index.php\/wp-json\/wp\/v2\/media?parent=91"}],"curies":[{"name":"wp","href":"https:\/\/api.w.org\/{rel}","templated":true}]}}