{"id":890,"date":"2024-05-13T19:49:49","date_gmt":"2024-05-13T17:49:49","guid":{"rendered":"https:\/\/ecoledutaiji.eu\/?page_id=890"},"modified":"2024-05-13T19:49:50","modified_gmt":"2024-05-13T17:49:50","slug":"eric-conte","status":"publish","type":"page","link":"https:\/\/ecoledutaiji.eu\/index.php\/lenseignement\/eric-conte\/","title":{"rendered":"Eric Conte"},"content":{"rendered":"\n<p class=\"has-large-font-size\">Eric Conte<\/p>\n\n\n\n<div class=\"wp-block-columns is-layout-flex wp-container-core-columns-is-layout-9d6595d7 wp-block-columns-is-layout-flex\">\n<div class=\"wp-block-column is-vertically-aligned-top is-layout-flow wp-block-column-is-layout-flow\">\n<figure class=\"wp-block-image size-full is-resized\"><img decoding=\"async\" class=\"wp-image-897\" style=\"width: 406px;\" src=\"https:\/\/ecoledutaiji.eu\/wp-content\/uploads\/2024\/05\/image-2.png\" alt=\"\" height=\"408\" srcset=\"https:\/\/ecoledutaiji.eu\/wp-content\/uploads\/2024\/05\/image-2.png 546w, https:\/\/ecoledutaiji.eu\/wp-content\/uploads\/2024\/05\/image-2-298x300.png 298w, https:\/\/ecoledutaiji.eu\/wp-content\/uploads\/2024\/05\/image-2-150x150.png 150w, https:\/\/ecoledutaiji.eu\/wp-content\/uploads\/2024\/05\/image-2-348x350.png 348w\" sizes=\"(max-width: 546px) 100vw, 546px\" \/><\/figure>\n<\/div>\n\n\n\n<div class=\"wp-block-column is-vertically-aligned-center is-layout-flow wp-block-column-is-layout-flow\">\n<p class=\"has-text-align-left\" style=\"font-size:18px\"><p class=\"has-text-align-left\" style=\"font-size:18px;margin-left:10px\">Depuis 1971, Eric Conte s&rsquo;est largement initi\u00e9 aux arts martiaux, aux massages traditionnels, au yoga et diverses m\u00e9ditations. De formation universitaire (3\u00e8me cycle de droit et gestion), il a exerc\u00e9 neuf ann\u00e9es comme cher de service de collectivit\u00e9s territoriales, puis comme formateur en Ressources Humaines.<\/p><\/p>\n<\/div>\n<\/div>\n\n\n\n<p>Passionn\u00e9 par la relation entre le mouvement et l\u2019esprit humain, il \u00e9tudie le Tai-Ji Quan et le Qi Gong depuis 1982.<\/p>\n\n\n\n<p>\u00c9l\u00e8ve de Jean Gortais (collaborateur de K.G. D\u00fcrckheim ) depuis 1984 pour le Tai ji quan de style Yang ( Ecole Li Guang hua), il \u00e9tudie \u00e9galement aupr\u00e8s d\u2019experts des Arts Martiaux Internes et du Qi Gong et divers collaborateurs de K.G. D\u00fcrckheim, notamment Wong Tun ken ( Tai ji quan) le Dao Yin Yang Sheng Gong avec Zhang Guang De et Hu Xiao Fei de l\u2019universit\u00e9 des sports de P\u00e9kin;&nbsp; le jeu des 5 animaux du Wudang et le Tai ji quan style Wudang avec Yuan li min;<\/p>\n\n\n\n<p>Depuis 2011 au sein de l\u2019Ecole Tao\u00efste traditionnelle du Ziranmen\u00a0avec Me Liu De ming de Melbourne, \u00e9cole dont il devient enseignant-disciple de la 6\u00e8me g\u00e9n\u00e9ration en 2018.<\/p>\n\n\n\n<p>Expert technique et formateur f\u00e9d\u00e9ral. <\/p>\n\n\n\n<p>Professeur certifi\u00e9 de la F\u00e9d\u00e9ration Fran\u00e7aise des Arts \u00e9nerg\u00e9tiques et martiaux chinois (FFAEMC, depuis 1991, DEJEPS Qi gong et BP Tai ji quan), il est titulaire du 7\u00e8me duan\u00a0Tai ji quan depuis janvier 2022, du 4\u00e8me duan Qi gong, (2009), est habilit\u00e9 \u00ab\u00a0sport sant\u00e9 sur ordonnance\u00a0\u00bb. <\/p>\n\n\n\n<p>Dipl\u00f4m\u00e9 en Qi Gong \u00e0 l\u2019Ecole des Temps du Corps (Paris- universit\u00e9 des sports de P\u00e9kin. 2000) Il s\u2019est form\u00e9 en Sophrologie et Relaxation avec Elisabeth Leblanc, (1988) puis\u00a0en Programmation Neurolinguistique (ma\u00eetre praticien en 1991, Institut Ressources \u00e0 Bruxelles) et ant\u00e9rieurement aux massages avec JL Abrassart, et JB Rishi.<\/p>\n\n\n\n<p>Formateur d\u2019enseignants en Tai ji quan et Qi gong.<\/p>\n\n\n\n<p>Coach en individuel sur rendez vous 06 87 17 40 46<\/p>\n\n\n\n<p>Formateur en gestion du stress.<\/p>\n\n\n\n<p>Enseigne sur Orl\u00e9ans (France) depuis 1985 et L\u00f6rrach (Allemagne, proche B\u00e2le).<\/p>\n\n\n\n<div class=\"wp-block-columns is-layout-flex wp-container-core-columns-is-layout-9d6595d7 wp-block-columns-is-layout-flex\">\n<div class=\"wp-block-column is-layout-flow wp-block-column-is-layout-flow\" style=\"flex-basis:66.66%\">\n<figure class=\"wp-block-image size-large\"><img loading=\"lazy\" decoding=\"async\" width=\"1024\" height=\"651\" src=\"https:\/\/ecoledutaiji.eu\/wp-content\/uploads\/2024\/05\/image-3-1024x651.png\" alt=\"\" class=\"wp-image-906\" srcset=\"https:\/\/ecoledutaiji.eu\/wp-content\/uploads\/2024\/05\/image-3-1024x651.png 1024w, https:\/\/ecoledutaiji.eu\/wp-content\/uploads\/2024\/05\/image-3-300x191.png 300w, https:\/\/ecoledutaiji.eu\/wp-content\/uploads\/2024\/05\/image-3-768x488.png 768w, https:\/\/ecoledutaiji.eu\/wp-content\/uploads\/2024\/05\/image-3-1536x976.png 1536w, https:\/\/ecoledutaiji.eu\/wp-content\/uploads\/2024\/05\/image-3-551x350.png 551w, https:\/\/ecoledutaiji.eu\/wp-content\/uploads\/2024\/05\/image-3.png 1960w\" sizes=\"auto, (max-width: 1024px) 100vw, 1024px\" \/><\/figure>\n<\/div>\n\n\n\n<div class=\"wp-block-column is-layout-flow wp-block-column-is-layout-flow\" style=\"flex-basis:33.33%\">\n<figure class=\"wp-block-image size-large\"><img loading=\"lazy\" decoding=\"async\" width=\"604\" height=\"1024\" src=\"https:\/\/ecoledutaiji.eu\/wp-content\/uploads\/2024\/05\/image-4-604x1024.png\" alt=\"\" class=\"wp-image-907\" srcset=\"https:\/\/ecoledutaiji.eu\/wp-content\/uploads\/2024\/05\/image-4-604x1024.png 604w, https:\/\/ecoledutaiji.eu\/wp-content\/uploads\/2024\/05\/image-4-177x300.png 177w, https:\/\/ecoledutaiji.eu\/wp-content\/uploads\/2024\/05\/image-4-768x1303.png 768w, https:\/\/ecoledutaiji.eu\/wp-content\/uploads\/2024\/05\/image-4-906x1536.png 906w, https:\/\/ecoledutaiji.eu\/wp-content\/uploads\/2024\/05\/image-4-206x350.png 206w, https:\/\/ecoledutaiji.eu\/wp-content\/uploads\/2024\/05\/image-4.png 1165w\" sizes=\"auto, (max-width: 604px) 100vw, 604px\" \/><\/figure>\n<\/div>\n<\/div>\n","protected":false},"excerpt":{"rendered":"<p>Eric Conte Depuis 1971, Eric Conte s&rsquo;est largement initi\u00e9 aux arts martiaux, aux massages traditionnels, au yoga et diverses m\u00e9ditations. De formation universitaire (3\u00e8me cycle de droit et gestion), il a exerc\u00e9 neuf ann\u00e9es comme &hellip;<\/p>\n","protected":false},"author":1,"featured_media":0,"parent":102,"menu_order":0,"comment_status":"closed","ping_status":"closed","template":"","meta":{"footnotes":""},"class_list":["post-890","page","type-page","status-publish","hentry"],"_links":{"self":[{"href":"https:\/\/ecoledutaiji.eu\/index.php\/wp-json\/wp\/v2\/pages\/890","targetHints":{"allow":["GET"]}}],"collection":[{"href":"https:\/\/ecoledutaiji.eu\/index.php\/wp-json\/wp\/v2\/pages"}],"about":[{"href":"https:\/\/ecoledutaiji.eu\/index.php\/wp-json\/wp\/v2\/types\/page"}],"author":[{"embeddable":true,"href":"https:\/\/ecoledutaiji.eu\/index.php\/wp-json\/wp\/v2\/users\/1"}],"replies":[{"embeddable":true,"href":"https:\/\/ecoledutaiji.eu\/index.php\/wp-json\/wp\/v2\/comments?post=890"}],"version-history":[{"count":10,"href":"https:\/\/ecoledutaiji.eu\/index.php\/wp-json\/wp\/v2\/pages\/890\/revisions"}],"predecessor-version":[{"id":908,"href":"https:\/\/ecoledutaiji.eu\/index.php\/wp-json\/wp\/v2\/pages\/890\/revisions\/908"}],"up":[{"embeddable":true,"href":"https:\/\/ecoledutaiji.eu\/index.php\/wp-json\/wp\/v2\/pages\/102"}],"wp:attachment":[{"href":"https:\/\/ecoledutaiji.eu\/index.php\/wp-json\/wp\/v2\/media?parent=890"}],"curies":[{"name":"wp","href":"https:\/\/api.w.org\/{rel}","templated":true}]}}