{"id":631,"date":"2023-08-15T19:49:28","date_gmt":"2023-08-15T17:49:28","guid":{"rendered":"https:\/\/ecoledutaiji.eu\/?page_id=631"},"modified":"2023-08-15T19:52:10","modified_gmt":"2023-08-15T17:52:10","slug":"les-statuts-de-lassociation","status":"publish","type":"page","link":"https:\/\/ecoledutaiji.eu\/index.php\/lecole-du-tai-ji\/les-statuts-de-lassociation\/","title":{"rendered":"Les statuts de l&rsquo;association"},"content":{"rendered":"\n<p class=\"has-large-font-size\"><strong>Les statuts de l&rsquo;association<\/strong><\/p>\n\n\n\n<p><strong>Nouveaux statuts au 2010-09-06 :<\/strong><\/p>\n\n\n\n<ul class=\"wp-block-list\">\n<li><strong>Article 1 <\/strong>&#8211; Il est fond\u00e9 entre les adh\u00e9rents aux pr\u00e9sents statuts une association r\u00e9gie par la loi du 1er juillet 1901 et le d\u00e9cret du 16 ao\u00fbt 1901 ayant pour titre :\u00a0\u00a0L\u2019ECOLE DU TAI JI.<\/li>\n<\/ul>\n\n\n\n<ul class=\"wp-block-list\">\n<li><strong>Article 2<\/strong> &#8211; Objet : Cette association a pour but de promouvoir la pratique et la connaissance des arts \u00e9nerg\u00e9tiques et martiaux chinois dans tous leurs aspects d\u2019\u00e9ducation physique et sportive, de sant\u00e9, culturels et philosophiques. Elle privil\u00e9gie une perspective globale et \u00e9ducative par la pratique prioritaire des disciplines classiques. Elle s\u2019appuie principalement sur le\u00a0 TAI JI QUAN et le QI GONG. Elle s\u2019interdit toute discrimination dans son organisation et dans sa vie associative.<\/li>\n<\/ul>\n\n\n\n<ul class=\"wp-block-list\">\n<li><strong>Article 3<\/strong> &#8211; Si\u00e8ge social : Le si\u00e8ge social est fix\u00e9 \u00e0 Orl\u00e9ans, Maison des Associations, 46 ter rue Ste Catherine. Il pourra \u00eatre transf\u00e9r\u00e9 par d\u00e9cision du conseil d\u2019administration.<\/li>\n<\/ul>\n\n\n\n<ul class=\"wp-block-list\">\n<li><strong>Article 4<\/strong> &#8211; Dur\u00e9e : Sa dur\u00e9e est illimit\u00e9e.<\/li>\n<\/ul>\n\n\n\n<ul class=\"wp-block-list\">\n<li><strong>Article 5<\/strong> &#8211; Moyens d\u2019actions : Elle entreprend elle-m\u00eame des projets d\u2019action, de formation, de recherche, elle collabore ou conseille de tels projets entrepris par des organismes publics ou priv\u00e9s. Elle organise notamment des cours, stages, conf\u00e9rences, expositions, publications, manifestations (culturelles, sportives ou intellectuelles), voyages. Elle coordonne l\u2019activit\u00e9 de ses membres, agit comme interm\u00e9diaire en tant que de besoin et les repr\u00e9sente aupr\u00e8s des instances f\u00e9d\u00e9rales et organismes publics ou priv\u00e9s administrant les disciplines concern\u00e9es.<\/li>\n<\/ul>\n\n\n\n<ul class=\"wp-block-list\">\n<li><strong>Article 6<\/strong> &#8211; Ressources : Les ressources se composent :\n<ul class=\"wp-block-list\">\n<li>des cotisations,<\/li>\n\n\n\n<li>du produit des r\u00e9tributions per\u00e7ues pour des services rendus, vente de produits, services ou prestations,<\/li>\n\n\n\n<li>des dons et legs \u00e9ventuels,<\/li>\n\n\n\n<li>des subventions des organismes publics ou priv\u00e9s,<\/li>\n\n\n\n<li>du revenu de ses biens.<\/li>\n<\/ul>\n<\/li>\n<\/ul>\n\n\n\n<ul class=\"wp-block-list\">\n<li><strong>Article 7<\/strong> &#8211; Membres : L\u2019ECOLE DU TAI JI se compose de\n<ul class=\"wp-block-list\">\n<li>A) membres actifs\n<ul class=\"wp-block-list\">\n<li>les personnes physiques qui y adh\u00e8rent individuellement<\/li>\n\n\n\n<li>les personnes morales ayant un objet commun en totalit\u00e9 ou partie.\u00a0Celles-ci re\u00e7oivent la d\u00e9nomination de \u00ab sections locales \u00bb et\u00a0adh\u00e8rent en contribuant \u00e0 L\u2019ECOLE DU TAI JI au prorata de leurs propres adh\u00e9rents notamment pour les inscriptions f\u00e9d\u00e9rales.<\/li>\n<\/ul>\n<\/li>\n\n\n\n<li>B) membres honoraires, bienfaiteurs ou donateurs : ces titres honorifiques pourront \u00eatre d\u00e9cern\u00e9s \u00e0 toute personne physique ou morale ayant rendu\u00a0 des services \u00e9minents \u00e0 L\u2019ECOLE DU TAI JI.<\/li>\n<\/ul>\n<\/li>\n<\/ul>\n\n\n\n<ul class=\"wp-block-list\">\n<li><strong>Article 8<\/strong> &#8211; Admission : Les personnes physiques sont admises par la signature du bulletin\u00a0d\u2019adh\u00e9sion individuel, le paiement de la cotisation annuelle. Les personnes morales sont admises par la signature d\u2019un bulletin\u00a0d\u2019adh\u00e9sion collectif et le paiement des cotisations correspondantes.<\/li>\n<\/ul>\n\n\n\n<ul class=\"wp-block-list\">\n<li><strong>Article 9<\/strong> &#8211; D\u00e9mission, radiation : La qualit\u00e9 de membre se perd\n<ul class=\"wp-block-list\">\n<li>pour non paiement\u00a0 des cotisations<\/li>\n\n\n\n<li>par d\u00e9c\u00e8s,<\/li>\n\n\n\n<li>par d\u00e9mission,\u00a0<\/li>\n\n\n\n<li>par radiation prononc\u00e9e par le conseil d\u2019administration,\u00a0 pour tout\u00a0motif\u00a0 grave contraire \u00e0 l\u2019objet de l\u2019association ou lui portant\u00a0pr\u00e9judice moral ou mat\u00e9riel, \u00e0 la d\u00e9ontologie des pratiques, ou l\u2019ordre\u00a0public. En ce cas, le membre est invit\u00e9, avant la prise de d\u00e9cision \u00e0 fournir des\u00a0explications au Conseil d\u2019administration.<\/li>\n<\/ul>\n<\/li>\n<\/ul>\n\n\n\n<ul class=\"wp-block-list\">\n<li><strong>Article 10<\/strong> &#8211; Cotisation : Les personnes physiques paient une cotisation individuelle fix\u00e9e par l\u2019assembl\u00e9e g\u00e9n\u00e9rale. Les personnes morales paient une cotisation collective repr\u00e9sentant au minimum la contribution aux cotisations f\u00e9d\u00e9rales de leurs membres et\u00a0fix\u00e9e par convention.<\/li>\n<\/ul>\n\n\n\n<ul class=\"wp-block-list\">\n<li><strong>Article 11<\/strong> &#8211; Assembl\u00e9e g\u00e9n\u00e9rale : Elle se compose des\u00a0 membres actifs \u00e0 jour de leur cotisation. Chaque section dispose \u00e0 l\u2019assembl\u00e9e g\u00e9n\u00e9rale des voix de ses\u00a0adh\u00e9rents pr\u00e9sents ou repr\u00e9sent\u00e9s.. Elle est convoqu\u00e9e par le pr\u00e9sident et se r\u00e9unit au moins une fois par\u00a0an au cours du premier semestre qui suit la cl\u00f4ture de l\u2019exercice\u00a0pr\u00e9c\u00e9dent. Elle se r\u00e9unit chaque fois que sa convocation est demand\u00e9e par le conseil d\u2019administration ou par le tiers des membres de l\u2019assembl\u00e9e g\u00e9n\u00e9rale repr\u00e9sentant le tiers des voix, dans ce cas dans le d\u00e9lai de 30\u00a0jours \u00e0 compter du d\u00e9p\u00f4t de la demande. L\u2019ordre du jour est fix\u00e9 par le conseil d\u2019administration. L\u2019assembl\u00e9e g\u00e9n\u00e9rale d\u00e9finit et contr\u00f4le l\u2019activit\u00e9 g\u00e9n\u00e9rale\u00a0de l\u2019association, elle statue sur la situation morale et financi\u00e8re, les comptes de l\u2019exercice clos dans un d\u00e9lai inf\u00e9rieur \u00e0 6 mois \u00e0 compter de la cl\u00f4ture dudit exercice, vote le budget et fixe le taux de la cotisation des membres, proc\u00e8de le cas \u00e9ch\u00e9ant \u00e0 l\u2019\u00e9lection des membres du Conseil d\u2019administration et d\u00e9cide dans les questions immobili\u00e8res.<\/li>\n<\/ul>\n\n\n\n<ul class=\"wp-block-list\">\n<li><strong>Article 12<\/strong> &#8211; Conseil d\u2019administration : L\u2019assembl\u00e9e g\u00e9n\u00e9rale \u00e9lit ,au scrutin secret ,un conseil d\u2019administration compos\u00e9\u00a0 de 9 personnes parmi ses membres actifs majeurs ayant au moins une ann\u00e9e d\u2019adh\u00e9sion, et, si besoin, d\u2019une personne suppl\u00e9mentaire par tranche de 20 adh\u00e9rents au-del\u00e0 des 50 premiers. Les membres du conseil d\u2019administration sont \u00e9lus pour une dur\u00e9e de 2 ans , ils sont r\u00e9\u00e9ligibles et renouvel\u00e9s par moiti\u00e9 chaque ann\u00e9e. Le nombre de femmes et d\u2019hommes si\u00e8geant au Conseil d\u2019administration doit refl\u00e9ter la composition de l\u2019assembl\u00e9e g\u00e9n\u00e9rale. Le conseil d\u2019administration se r\u00e9unit au minimum 3 fois par an, sur convocation du pr\u00e9sident et en tant que de besoin ou sur demande du tiers de ses membres. Les d\u00e9cisions sont prises \u00e0 la majorit\u00e9, en cas de partage la voix du pr\u00e9sident est pr\u00e9pond\u00e9rante. Elles sont valides si la moiti\u00e9 des membres sont pr\u00e9sents. Il se fait assister par toute personne dont la pr\u00e9sence est utile. Avant le d\u00e9but de chaque exercice, le conseil d\u2019administration adopte le projet de budget annuel qui sera pr\u00e9sent\u00e9 \u00e0 l\u2019assembl\u00e9e g\u00e9n\u00e9rale. Tout contrat ou convention, pass\u00e9 entre l\u2019association d\u2019une part, et un membre du Conseil d\u2019administration, son conjoint ou un proche d\u2019autre part ,est soumis pour autorisation au Conseil d\u2019administration et pr\u00e9sent\u00e9 pour information \u00e0 la plus prochaine assembl\u00e9e g\u00e9n\u00e9rale.<\/li>\n<\/ul>\n\n\n\n<ul class=\"wp-block-list\">\n<li><strong>Article 13<\/strong> &#8211; Bureau : Le conseil d\u2019administration \u00e9lit en son sein un bureau compos\u00e9 d\u2019au moins 1 pr\u00e9sident(e), 1 secr\u00e9taire, 1 tr\u00e9sorier(e) et en tant que de besoin des pr\u00e9sident(e) adjoint(e) et tr\u00e9sorier(e) adjoint(e). <strong>Le ou la pr\u00e9sident(e)<\/strong> assure le fonctionnement de l\u2019association, la repr\u00e9sente en justice et dans tous les actes de la vie civile, ordonne les d\u00e9penses, il peut donner d\u00e9l\u00e9gation ou procuration sp\u00e9ciale pour ester\u00a0en justice. <strong>Le tr\u00e9sorier<\/strong> tient la comptabilit\u00e9 compl\u00e8te des recettes et des d\u00e9penses conform\u00e9ment aux lois et r\u00e8glements en vigueur. <strong>Le secr\u00e9taire<\/strong> tient proc\u00e8s verbal des s\u00e9ances du conseil d\u2019administration, et de l\u2019assembl\u00e9e g\u00e9n\u00e9rale.<\/li>\n<\/ul>\n\n\n\n<ul class=\"wp-block-list\">\n<li><strong>Article 14<\/strong> &#8211; Le conseil d\u2019administration et par d\u00e9l\u00e9gation le bureau assure la\u00a0\u00a0pr\u00e9paration et l\u2019ex\u00e9cution de l\u2019ensemble des d\u00e9cisions prises en assembl\u00e9e\u00a0 g\u00e9n\u00e9rale. Ils se font assister des comp\u00e9tences ext\u00e9rieures n\u00e9cessaires.<\/li>\n<\/ul>\n\n\n\n<ul class=\"wp-block-list\">\n<li><strong>Article 15<\/strong> &#8211; Toute modification des statuts ou la dissolution de l\u2019association ne pourra\u00a0\u00eatre prononc\u00e9e que par une assembl\u00e9e g\u00e9n\u00e9rale extraordinaire\u00a0convoqu\u00e9 sp\u00e9cialement \u00e0 cet effet et par un vote \u00e0 la majorit\u00e9 des 2\/3 des\u00a0 voix.<\/li>\n<\/ul>\n\n\n\n<ul class=\"wp-block-list\">\n<li><strong>Article 16<\/strong> &#8211; S\u2019il y a lieu, un r\u00e8glement int\u00e9rieur adopt\u00e9 par l\u2019assembl\u00e9e g\u00e9n\u00e9rale\u00a0pr\u00e9cisera les divers points de fonctionnement interne non pr\u00e9vus par les pr\u00e9sents statuts.<\/li>\n<\/ul>\n\n\n\n<p>&nbsp; Les pr\u00e9sents statuts ont \u00e9t\u00e9 adopt\u00e9s par l\u2019assembl\u00e9e g\u00e9n\u00e9rale r\u00e9unie \u00e0 Orl\u00e9ans le 6 septembre 2010<\/p>\n","protected":false},"excerpt":{"rendered":"<p>Les statuts de l&rsquo;association Nouveaux statuts au 2010-09-06 : &nbsp; Les pr\u00e9sents statuts ont \u00e9t\u00e9 adopt\u00e9s par l\u2019assembl\u00e9e g\u00e9n\u00e9rale r\u00e9unie \u00e0 Orl\u00e9ans le 6 septembre 2010<\/p>\n","protected":false},"author":1,"featured_media":0,"parent":57,"menu_order":0,"comment_status":"closed","ping_status":"closed","template":"","meta":{"footnotes":""},"class_list":["post-631","page","type-page","status-publish","hentry"],"_links":{"self":[{"href":"https:\/\/ecoledutaiji.eu\/index.php\/wp-json\/wp\/v2\/pages\/631","targetHints":{"allow":["GET"]}}],"collection":[{"href":"https:\/\/ecoledutaiji.eu\/index.php\/wp-json\/wp\/v2\/pages"}],"about":[{"href":"https:\/\/ecoledutaiji.eu\/index.php\/wp-json\/wp\/v2\/types\/page"}],"author":[{"embeddable":true,"href":"https:\/\/ecoledutaiji.eu\/index.php\/wp-json\/wp\/v2\/users\/1"}],"replies":[{"embeddable":true,"href":"https:\/\/ecoledutaiji.eu\/index.php\/wp-json\/wp\/v2\/comments?post=631"}],"version-history":[{"count":7,"href":"https:\/\/ecoledutaiji.eu\/index.php\/wp-json\/wp\/v2\/pages\/631\/revisions"}],"predecessor-version":[{"id":639,"href":"https:\/\/ecoledutaiji.eu\/index.php\/wp-json\/wp\/v2\/pages\/631\/revisions\/639"}],"up":[{"embeddable":true,"href":"https:\/\/ecoledutaiji.eu\/index.php\/wp-json\/wp\/v2\/pages\/57"}],"wp:attachment":[{"href":"https:\/\/ecoledutaiji.eu\/index.php\/wp-json\/wp\/v2\/media?parent=631"}],"curies":[{"name":"wp","href":"https:\/\/api.w.org\/{rel}","templated":true}]}}