{"id":408,"date":"2023-08-07T11:36:11","date_gmt":"2023-08-07T09:36:11","guid":{"rendered":"https:\/\/ecoledutaiji.eu\/?page_id=408"},"modified":"2025-12-20T14:39:36","modified_gmt":"2025-12-20T13:39:36","slug":"me-liu-deming","status":"publish","type":"page","link":"https:\/\/ecoledutaiji.eu\/index.php\/me-liu-deming\/","title":{"rendered":"Me LIU Deming"},"content":{"rendered":"\n<p>Me LIU Deming est n\u00e9 et \u00e9duqu\u00e9 en Chine, form\u00e9 aux arts martiaux traditionnels (\u00e9cole Ziranmen) depuis l\u2019enfance puis dipl\u00f4m\u00e9 de l\u2019universit\u00e9 des sports de P\u00e9kin,<br>ensuite enseignant d\u2019arts martiaux \u00e0 l\u2019universit\u00e9 chinoise du Fujian avant de revenir aux<br>pratiques traditionnelles tao\u00eestes du Ziranmen.<\/p>\n\n\n\n<p>Il a parfaitement int\u00e9gr\u00e9 les savoirs et la p\u00e9dagogie de l\u2019Australie o\u00f9 il vit depuis 30 ans et y a d\u00e9velopp\u00e9 le Ziran Qi Gong, au sein de son \u00e9cole Ziran kung fu mais aussi \u00e0 l\u2019universit\u00e9 de Melbourne o\u00f9 il a enseign\u00e9 \u00e0 la facult\u00e9 des Beaux Arts sa \u00ab philosophie du mouvement \u00bb.<\/p>\n\n\n\n<p>Maitre 5\u00e8me g\u00e9n\u00e9ration de l\u2019\u00e9cole traditionnelle Ziranmen, il a form\u00e9 en Europe plusieurs dizaines de personnes et plusieurs disciples.<\/p>\n\n\n\n<p>Son enseignement tr\u00e8s g\u00e9n\u00e9reux et souriant est un puissant support d\u2019\u00e9volution.<\/p>\n\n\n\n<figure class=\"wp-block-image size-full is-resized\"><img loading=\"lazy\" decoding=\"async\" width=\"352\" height=\"233\" src=\"https:\/\/ecoledutaiji.eu\/wp-content\/uploads\/2022\/08\/Liu-copie.jpg\" alt=\"\" class=\"wp-image-260\" style=\"width:619px;height:410px\" srcset=\"https:\/\/ecoledutaiji.eu\/wp-content\/uploads\/2022\/08\/Liu-copie.jpg 352w, https:\/\/ecoledutaiji.eu\/wp-content\/uploads\/2022\/08\/Liu-copie-300x199.jpg 300w, https:\/\/ecoledutaiji.eu\/wp-content\/uploads\/2022\/08\/Liu-copie-267x177.jpg 267w\" sizes=\"auto, (max-width: 352px) 100vw, 352px\" \/><\/figure>\n","protected":false},"excerpt":{"rendered":"<p>Me LIU Deming est n\u00e9 et \u00e9duqu\u00e9 en Chine, form\u00e9 aux arts martiaux traditionnels (\u00e9cole Ziranmen) depuis l\u2019enfance puis dipl\u00f4m\u00e9 de l\u2019universit\u00e9 des sports de P\u00e9kin,ensuite enseignant d\u2019arts martiaux \u00e0 l\u2019universit\u00e9 chinoise du Fujian avant &hellip;<\/p>\n","protected":false},"author":1,"featured_media":0,"parent":0,"menu_order":0,"comment_status":"closed","ping_status":"closed","template":"","meta":{"footnotes":""},"class_list":["post-408","page","type-page","status-publish","hentry"],"_links":{"self":[{"href":"https:\/\/ecoledutaiji.eu\/index.php\/wp-json\/wp\/v2\/pages\/408","targetHints":{"allow":["GET"]}}],"collection":[{"href":"https:\/\/ecoledutaiji.eu\/index.php\/wp-json\/wp\/v2\/pages"}],"about":[{"href":"https:\/\/ecoledutaiji.eu\/index.php\/wp-json\/wp\/v2\/types\/page"}],"author":[{"embeddable":true,"href":"https:\/\/ecoledutaiji.eu\/index.php\/wp-json\/wp\/v2\/users\/1"}],"replies":[{"embeddable":true,"href":"https:\/\/ecoledutaiji.eu\/index.php\/wp-json\/wp\/v2\/comments?post=408"}],"version-history":[{"count":3,"href":"https:\/\/ecoledutaiji.eu\/index.php\/wp-json\/wp\/v2\/pages\/408\/revisions"}],"predecessor-version":[{"id":1174,"href":"https:\/\/ecoledutaiji.eu\/index.php\/wp-json\/wp\/v2\/pages\/408\/revisions\/1174"}],"wp:attachment":[{"href":"https:\/\/ecoledutaiji.eu\/index.php\/wp-json\/wp\/v2\/media?parent=408"}],"curies":[{"name":"wp","href":"https:\/\/api.w.org\/{rel}","templated":true}]}}