{"id":102,"date":"2022-07-21T18:07:38","date_gmt":"2022-07-21T16:07:38","guid":{"rendered":"https:\/\/ecoledutaiji.eu\/?page_id=102"},"modified":"2025-06-28T10:51:35","modified_gmt":"2025-06-28T08:51:35","slug":"lenseignement","status":"publish","type":"page","link":"https:\/\/ecoledutaiji.eu\/index.php\/lenseignement\/","title":{"rendered":"L&rsquo;enseignement"},"content":{"rendered":"\n<p>L\u2019enseignement est dirig\u00e9 et coordonn\u00e9 par <strong>\u00c9ric Conte<\/strong>, 7\u00e8me duan Tai ji quan, enseignant professionnel depuis 1986 (dipl\u00f4m\u00e9 d\u2019\u00c9tat des Arts \u00e9nerg\u00e9tiques chinois Qi gong) et carte professionnelle num\u00e9ro 04599 ED 0058) second\u00e9 par une \u00e9quipe d\u2019animateurs exp\u00e9riment\u00e9s.<\/p>\n\n\n<span class='mb-center maxbutton-1-center'><span class='maxbutton-1-container mb-container'><a class=\"maxbutton-1 maxbutton maxbutton-en-savoir-plus\" href=\"https:\/\/ecoledutaiji.eu\/?page_id=890\"><span class='mb-text'>En savoir plus<\/span><\/a><\/span><\/span>\n\n\n\n<div style=\"height:34px\" aria-hidden=\"true\" class=\"wp-block-spacer\"><\/div>\n\n\n\n<div class=\"wp-block-columns is-layout-flex wp-container-core-columns-is-layout-9d6595d7 wp-block-columns-is-layout-flex\">\n<div class=\"wp-block-column is-layout-flow wp-block-column-is-layout-flow\">\n<figure class=\"wp-block-image size-large\"><img loading=\"lazy\" decoding=\"async\" width=\"683\" height=\"1024\" src=\"https:\/\/ecoledutaiji.eu\/wp-content\/uploads\/2022\/08\/eric_040822_038-683x1024.jpg\" alt=\"\" class=\"wp-image-219\" srcset=\"https:\/\/ecoledutaiji.eu\/wp-content\/uploads\/2022\/08\/eric_040822_038-683x1024.jpg 683w, https:\/\/ecoledutaiji.eu\/wp-content\/uploads\/2022\/08\/eric_040822_038-200x300.jpg 200w, https:\/\/ecoledutaiji.eu\/wp-content\/uploads\/2022\/08\/eric_040822_038-768x1152.jpg 768w, https:\/\/ecoledutaiji.eu\/wp-content\/uploads\/2022\/08\/eric_040822_038-1024x1536.jpg 1024w, https:\/\/ecoledutaiji.eu\/wp-content\/uploads\/2022\/08\/eric_040822_038-1365x2048.jpg 1365w, https:\/\/ecoledutaiji.eu\/wp-content\/uploads\/2022\/08\/eric_040822_038-233x350.jpg 233w, https:\/\/ecoledutaiji.eu\/wp-content\/uploads\/2022\/08\/eric_040822_038-scaled.jpg 1707w\" sizes=\"auto, (max-width: 683px) 100vw, 683px\" \/><\/figure>\n<\/div>\n\n\n\n<div class=\"wp-block-column is-layout-flow wp-block-column-is-layout-flow\">\n<figure class=\"wp-block-image size-large\"><img loading=\"lazy\" decoding=\"async\" width=\"683\" height=\"1024\" src=\"https:\/\/ecoledutaiji.eu\/wp-content\/uploads\/2022\/08\/eric_040822_030-683x1024.jpg\" alt=\"\" class=\"wp-image-220\" srcset=\"https:\/\/ecoledutaiji.eu\/wp-content\/uploads\/2022\/08\/eric_040822_030-683x1024.jpg 683w, https:\/\/ecoledutaiji.eu\/wp-content\/uploads\/2022\/08\/eric_040822_030-200x300.jpg 200w, https:\/\/ecoledutaiji.eu\/wp-content\/uploads\/2022\/08\/eric_040822_030-768x1152.jpg 768w, https:\/\/ecoledutaiji.eu\/wp-content\/uploads\/2022\/08\/eric_040822_030-1024x1536.jpg 1024w, https:\/\/ecoledutaiji.eu\/wp-content\/uploads\/2022\/08\/eric_040822_030-1365x2048.jpg 1365w, https:\/\/ecoledutaiji.eu\/wp-content\/uploads\/2022\/08\/eric_040822_030-233x350.jpg 233w, https:\/\/ecoledutaiji.eu\/wp-content\/uploads\/2022\/08\/eric_040822_030-scaled.jpg 1707w\" sizes=\"auto, (max-width: 683px) 100vw, 683px\" \/><\/figure>\n<\/div>\n<\/div>\n\n\n\n<div style=\"height:55px\" aria-hidden=\"true\" class=\"wp-block-spacer\"><\/div>\n\n\n\n<div class=\"wp-block-columns is-layout-flex wp-container-core-columns-is-layout-9d6595d7 wp-block-columns-is-layout-flex\">\n<div class=\"wp-block-column is-vertically-aligned-top is-layout-flow wp-block-column-is-layout-flow\">\n<p><strong>Fabienne Camus<\/strong>, apr\u00e8s la gymnastique sportive et 10 ans de yoga, pratique&nbsp; depuis 1986 Tai ji quan et Qi gong. Elle a&nbsp; int\u00e9gr\u00e9 toutes les facettes du Tai ji quan traditionnel: travail seul, avec partenaire (tui shou, san shou), avec armes..<\/p>\n\n\n\n<p>Elle pratique aussi les formes de bases du Qi gong et les Cinq animaux du Wudang.<\/p>\n<\/div>\n\n\n\n<div class=\"wp-block-column is-layout-flow wp-block-column-is-layout-flow\">\n<figure class=\"wp-block-image size-large\"><img loading=\"lazy\" decoding=\"async\" width=\"889\" height=\"1024\" src=\"https:\/\/ecoledutaiji.eu\/wp-content\/uploads\/2022\/07\/fab1-889x1024.jpg\" alt=\"\" class=\"wp-image-136\" srcset=\"https:\/\/ecoledutaiji.eu\/wp-content\/uploads\/2022\/07\/fab1-889x1024.jpg 889w, https:\/\/ecoledutaiji.eu\/wp-content\/uploads\/2022\/07\/fab1-260x300.jpg 260w, https:\/\/ecoledutaiji.eu\/wp-content\/uploads\/2022\/07\/fab1-768x885.jpg 768w, https:\/\/ecoledutaiji.eu\/wp-content\/uploads\/2022\/07\/fab1-1333x1536.jpg 1333w, https:\/\/ecoledutaiji.eu\/wp-content\/uploads\/2022\/07\/fab1-267x308.jpg 267w, https:\/\/ecoledutaiji.eu\/wp-content\/uploads\/2022\/07\/fab1.jpg 1355w\" sizes=\"auto, (max-width: 889px) 100vw, 889px\" \/><\/figure>\n<\/div>\n<\/div>\n\n\n\n<p><\/p>\n\n\n\n<div class=\"wp-block-columns is-layout-flex wp-container-core-columns-is-layout-9d6595d7 wp-block-columns-is-layout-flex\">\n<div class=\"wp-block-column is-layout-flow wp-block-column-is-layout-flow\">\n<figure class=\"wp-block-image size-full is-resized\"><img loading=\"lazy\" decoding=\"async\" width=\"1151\" height=\"2560\" src=\"https:\/\/ecoledutaiji.eu\/wp-content\/uploads\/2025\/06\/1-1-scaled.jpg\" alt=\"\" class=\"wp-image-1125\" style=\"width:246px;height:auto\" srcset=\"https:\/\/ecoledutaiji.eu\/wp-content\/uploads\/2025\/06\/1-1-scaled.jpg 1151w, https:\/\/ecoledutaiji.eu\/wp-content\/uploads\/2025\/06\/1-1-135x300.jpg 135w, https:\/\/ecoledutaiji.eu\/wp-content\/uploads\/2025\/06\/1-1-461x1024.jpg 461w, https:\/\/ecoledutaiji.eu\/wp-content\/uploads\/2025\/06\/1-1-768x1708.jpg 768w, https:\/\/ecoledutaiji.eu\/wp-content\/uploads\/2025\/06\/1-1-691x1536.jpg 691w, https:\/\/ecoledutaiji.eu\/wp-content\/uploads\/2025\/06\/1-1-921x2048.jpg 921w, https:\/\/ecoledutaiji.eu\/wp-content\/uploads\/2025\/06\/1-1-157x350.jpg 157w\" sizes=\"auto, (max-width: 1151px) 100vw, 1151px\" \/><\/figure>\n\n\n\n<p><\/p>\n<\/div>\n\n\n\n<div class=\"wp-block-column is-vertically-aligned-center is-layout-flow wp-block-column-is-layout-flow\">\n<p>Durant sa jeunesse, <strong>Marie Beaudenon<\/strong> a pratiqu\u00e9 le Judo et obtenu le grade de ceinture noire, 1er dan de la FFJDA. Educatrice sp\u00e9cialis\u00e9e, elle a partag\u00e9 sa passion pour cette discipline en l\u2019enseignant \u00e0 des enfants et adolescents en grande difficult\u00e9. Elle s&rsquo;est \u00e9galement initi\u00e9e \u00e0 l&rsquo;A\u00efkido et au Yoga. En 2009 elle d\u00e9couvre le Qi Gong. Lors d&rsquo;un stage d&rsquo;\u00e9t\u00e9, en 2014, elle fait la connaissance d&rsquo;Eric Conte et int\u00e8gre son \u00e9cole en septembre. Depuis, elle pratique, au sein de l&rsquo;\u00c9cole du Taiji, Qi Gong et Taiji&nbsp;Quan. Elle est titulaire d&rsquo;un 2\u00e8me duan de Qi Gong de la FFAEMC&nbsp;et d&rsquo;un certificat d&rsquo;instructeur en ziran Qi Gong de l&rsquo;\u00e9cole Ziranmen&nbsp;de Me Liu Deming.&nbsp;Les disciplines martiales et \u00e9nerg\u00e9tiques lui procurent bien \u00eatre, plaisir, joie de vivre et ouverture sur d&rsquo;autres cultures, ce qu\u2019elle a plaisir \u00e0 partager.<\/p>\n<\/div>\n<\/div>\n\n\n\n<p><\/p>\n\n\n\n<p><\/p>\n\n\n\n<div class=\"wp-block-columns is-layout-flex wp-container-core-columns-is-layout-9d6595d7 wp-block-columns-is-layout-flex\">\n<div class=\"wp-block-column is-vertically-aligned-center is-layout-flow wp-block-column-is-layout-flow\">\n<p><strong>Elisabeth Delaleu-Guillard<\/strong> : de la gymnastique aux agr\u00e8s au Qi gong puis au Taijiquan a effectu\u00e9 un beau parcours qu\u2019elle partage avec bonne humeur. Elle est titulaire du certificat de qualification professionnelle pour le Qi gong et du 4\u00e8me duan en Qi gong de la FFAEMC.<\/p>\n<\/div>\n\n\n\n<div class=\"wp-block-column is-layout-flow wp-block-column-is-layout-flow\"><div class=\"wp-block-image\">\n<figure class=\"aligncenter size-large is-resized\"><img loading=\"lazy\" decoding=\"async\" width=\"848\" height=\"1024\" src=\"https:\/\/ecoledutaiji.eu\/wp-content\/uploads\/2022\/07\/Tai-Chi-10-juillet-2017-_MG_3779-HD-JLM-2-848x1024.jpg\" alt=\"\" class=\"wp-image-137\" style=\"aspect-ratio:0.8286334056399133;width:294px;height:auto\" srcset=\"https:\/\/ecoledutaiji.eu\/wp-content\/uploads\/2022\/07\/Tai-Chi-10-juillet-2017-_MG_3779-HD-JLM-2-848x1024.jpg 848w, https:\/\/ecoledutaiji.eu\/wp-content\/uploads\/2022\/07\/Tai-Chi-10-juillet-2017-_MG_3779-HD-JLM-2-249x300.jpg 249w, https:\/\/ecoledutaiji.eu\/wp-content\/uploads\/2022\/07\/Tai-Chi-10-juillet-2017-_MG_3779-HD-JLM-2-768x927.jpg 768w, https:\/\/ecoledutaiji.eu\/wp-content\/uploads\/2022\/07\/Tai-Chi-10-juillet-2017-_MG_3779-HD-JLM-2-1273x1536.jpg 1273w, https:\/\/ecoledutaiji.eu\/wp-content\/uploads\/2022\/07\/Tai-Chi-10-juillet-2017-_MG_3779-HD-JLM-2-1697x2048.jpg 1697w, https:\/\/ecoledutaiji.eu\/wp-content\/uploads\/2022\/07\/Tai-Chi-10-juillet-2017-_MG_3779-HD-JLM-2-267x322.jpg 267w\" sizes=\"auto, (max-width: 848px) 100vw, 848px\" \/><\/figure>\n<\/div><\/div>\n<\/div>\n\n\n\n<p><\/p>\n\n\n\n<div class=\"wp-block-columns is-layout-flex wp-container-core-columns-is-layout-9d6595d7 wp-block-columns-is-layout-flex\">\n<div class=\"wp-block-column is-layout-flow wp-block-column-is-layout-flow\">\n<figure class=\"wp-block-image size-large is-resized\"><img loading=\"lazy\" decoding=\"async\" width=\"625\" height=\"1024\" src=\"https:\/\/ecoledutaiji.eu\/wp-content\/uploads\/2025\/06\/3-625x1024.jpg\" alt=\"\" class=\"wp-image-1128\" style=\"width:257px;height:auto\" srcset=\"https:\/\/ecoledutaiji.eu\/wp-content\/uploads\/2025\/06\/3-625x1024.jpg 625w, https:\/\/ecoledutaiji.eu\/wp-content\/uploads\/2025\/06\/3-183x300.jpg 183w, https:\/\/ecoledutaiji.eu\/wp-content\/uploads\/2025\/06\/3-768x1259.jpg 768w, https:\/\/ecoledutaiji.eu\/wp-content\/uploads\/2025\/06\/3-937x1536.jpg 937w, https:\/\/ecoledutaiji.eu\/wp-content\/uploads\/2025\/06\/3-1249x2048.jpg 1249w, https:\/\/ecoledutaiji.eu\/wp-content\/uploads\/2025\/06\/3-213x350.jpg 213w, https:\/\/ecoledutaiji.eu\/wp-content\/uploads\/2025\/06\/3.jpg 1539w\" sizes=\"auto, (max-width: 625px) 100vw, 625px\" \/><\/figure>\n<\/div>\n\n\n\n<div class=\"wp-block-column is-vertically-aligned-center is-layout-flow wp-block-column-is-layout-flow\">\n<p><strong>V\u00e9ronique Lorillard<\/strong>, pratique le Tai jiquan depuis 1992, dans toutes ses composantes traditionnelles :&nbsp; travail seul, avec partenaire, (tui shou), avec armes. Titulaire du 3\u00e8me duan tai ji quan de la FFAEMC.Elle pratique aussi les formes de bases du Qi gong et les Cinq animaux du Wudang.<br>&nbsp;<\/p>\n<\/div>\n<\/div>\n\n\n\n<p><\/p>\n\n\n\n<div class=\"wp-block-columns is-layout-flex wp-container-core-columns-is-layout-9d6595d7 wp-block-columns-is-layout-flex\">\n<div class=\"wp-block-column is-vertically-aligned-center is-layout-flow wp-block-column-is-layout-flow\">\n<p><\/p>\n\n\n\n<p><strong>Catherine Michau<\/strong> : \u00e9ducatrice sp\u00e9cialis\u00e9e, elle partage avec plaisir la d\u00e9couverte des mots dans la lecture et l\u2019\u00e9criture ; depuis 2003 pratique Tai ji quan et Qi gong. Elle est titulaire du certificat de qualification professionnelle pour le Qi gong et du 3\u00e8me Duan en Qi gong de la FFAEMC.<\/p>\n\n\n\n<p>Catherine est titulaire de la certification \u00ab\u00a0Sport sur ordonnance\u00a0\u00bb<\/p>\n<\/div>\n\n\n\n<div class=\"wp-block-column is-layout-flow wp-block-column-is-layout-flow\">\n<figure class=\"wp-block-image size-full is-resized\"><img loading=\"lazy\" decoding=\"async\" width=\"271\" height=\"414\" src=\"https:\/\/ecoledutaiji.eu\/wp-content\/uploads\/2025\/06\/Catherine1.jpg\" alt=\"\" class=\"wp-image-1118\" style=\"aspect-ratio:0.655045871559633;width:299px;height:auto\" srcset=\"https:\/\/ecoledutaiji.eu\/wp-content\/uploads\/2025\/06\/Catherine1.jpg 271w, https:\/\/ecoledutaiji.eu\/wp-content\/uploads\/2025\/06\/Catherine1-196x300.jpg 196w, https:\/\/ecoledutaiji.eu\/wp-content\/uploads\/2025\/06\/Catherine1-229x350.jpg 229w\" sizes=\"auto, (max-width: 271px) 100vw, 271px\" \/><\/figure>\n<\/div>\n<\/div>\n\n\n\n<p><\/p>\n\n\n\n<p><\/p>\n\n\n\n<p><\/p>\n\n\n\n<div class=\"wp-block-media-text alignwide is-stacked-on-mobile is-vertically-aligned-center\"><figure class=\"wp-block-media-text__media\"><img loading=\"lazy\" decoding=\"async\" width=\"351\" height=\"488\" src=\"https:\/\/ecoledutaiji.eu\/wp-content\/uploads\/2022\/07\/francoise1.jpg\" alt=\"\" class=\"wp-image-134 size-full\" srcset=\"https:\/\/ecoledutaiji.eu\/wp-content\/uploads\/2022\/07\/francoise1.jpg 351w, https:\/\/ecoledutaiji.eu\/wp-content\/uploads\/2022\/07\/francoise1-216x300.jpg 216w, https:\/\/ecoledutaiji.eu\/wp-content\/uploads\/2022\/07\/francoise1-252x350.jpg 252w\" sizes=\"auto, (max-width: 351px) 100vw, 351px\" \/><\/figure><div class=\"wp-block-media-text__content\">\n<p><strong>Fran\u00e7oise Bontet<\/strong>&nbsp;: pratique le Tai ji quan et le Qi Gong depuis 1995. Elle est titulaire du 1<sup>er<\/sup> duan Tai ji quan de la FFAEMC.<\/p>\n<\/div><\/div>\n\n\n\n<div style=\"height:57px\" aria-hidden=\"true\" class=\"wp-block-spacer\"><\/div>\n\n\n\n<p><strong>INFO CONSOMMATEUR<\/strong><\/p>\n\n\n\n<p>L\u2019enseignement du Qi gong et du Tai ji quan est r\u00e9glement\u00e9 et notamment s\u2019il est r\u00e9mun\u00e9r\u00e9. En ce cas, la possession d\u2019un dipl\u00f4me d\u2019Etat, d\u00e9livr\u00e9 par la f\u00e9d\u00e9ration habilit\u00e9e (FFAEMC) est n\u00e9cessaire. Pour l\u2019enseignement \u00e0 temps partiel, il existe un CQP (certificat de qualification professionnelle).<\/p>\n\n\n\n<p>Dans tous les cas, il ne peut \u00eatre assur\u00e9 que par des personnes exp\u00e9riment\u00e9es. La liste des enseignants habilit\u00e9s est consultable sur le site de la f\u00e9d\u00e9ration : ffaemc.fr<\/p>\n","protected":false},"excerpt":{"rendered":"<p>L\u2019enseignement est dirig\u00e9 et coordonn\u00e9 par \u00c9ric Conte, 7\u00e8me duan Tai ji quan, enseignant professionnel depuis 1986 (dipl\u00f4m\u00e9 d\u2019\u00c9tat des Arts \u00e9nerg\u00e9tiques chinois Qi gong) et carte professionnelle num\u00e9ro 04599 ED 0058) second\u00e9 par une &hellip;<\/p>\n","protected":false},"author":1,"featured_media":0,"parent":0,"menu_order":0,"comment_status":"closed","ping_status":"closed","template":"","meta":{"footnotes":""},"class_list":["post-102","page","type-page","status-publish","hentry"],"_links":{"self":[{"href":"https:\/\/ecoledutaiji.eu\/index.php\/wp-json\/wp\/v2\/pages\/102","targetHints":{"allow":["GET"]}}],"collection":[{"href":"https:\/\/ecoledutaiji.eu\/index.php\/wp-json\/wp\/v2\/pages"}],"about":[{"href":"https:\/\/ecoledutaiji.eu\/index.php\/wp-json\/wp\/v2\/types\/page"}],"author":[{"embeddable":true,"href":"https:\/\/ecoledutaiji.eu\/index.php\/wp-json\/wp\/v2\/users\/1"}],"replies":[{"embeddable":true,"href":"https:\/\/ecoledutaiji.eu\/index.php\/wp-json\/wp\/v2\/comments?post=102"}],"version-history":[{"count":23,"href":"https:\/\/ecoledutaiji.eu\/index.php\/wp-json\/wp\/v2\/pages\/102\/revisions"}],"predecessor-version":[{"id":1136,"href":"https:\/\/ecoledutaiji.eu\/index.php\/wp-json\/wp\/v2\/pages\/102\/revisions\/1136"}],"wp:attachment":[{"href":"https:\/\/ecoledutaiji.eu\/index.php\/wp-json\/wp\/v2\/media?parent=102"}],"curies":[{"name":"wp","href":"https:\/\/api.w.org\/{rel}","templated":true}]}}